{"id":24,"date":"2016-05-06T09:37:56","date_gmt":"2016-05-06T07:37:56","guid":{"rendered":"http:\/\/www.muehlenurlaub.de\/?page_id=24"},"modified":"2023-05-25T08:54:16","modified_gmt":"2023-05-25T06:54:16","slug":"hereinspaziert","status":"publish","type":"page","link":"https:\/\/muehlenurlaub.de\/index.php\/hereinspaziert\/","title":{"rendered":"Hereinspaziert!"},"content":{"rendered":"<div class=\"two-columns-one\">\n<img loading=\"lazy\" decoding=\"async\" class=\"aligncenter wp-image-351\" src=\"https:\/\/muehlenurlaub.de\/wp-content\/uploads\/2023\/05\/muehlenkueche.jpg\" alt=\"\" width=\"550\" height=\"382\" srcset=\"https:\/\/muehlenurlaub.de\/wp-content\/uploads\/2023\/05\/muehlenkueche.jpg 640w, https:\/\/muehlenurlaub.de\/wp-content\/uploads\/2023\/05\/muehlenkueche-300x208.jpg 300w\" sizes=\"auto, (max-width: 550px) 100vw, 550px\" \/><br \/>\n<div class=\"blue-box\">Die achteckige unterste Etage ist gro\u00dfz\u00fcgig und ger\u00e4umig, ein gem\u00fctlicher Platz zum Verweilen, Kochen und Speisen.\u00a0Durch die Fenster hat man sogar einen weiten Blick bis zum Kleinen Varchentiner See.\u00a0Es gibt WLAN, TV, Musik,\u00a0B\u00fccher und nat\u00fcrlich einen riesigen gem\u00fctlichen Tisch wie zu M\u00fcllers Zeiten.<\/div><img loading=\"lazy\" decoding=\"async\" class=\"aligncenter wp-image-335\" src=\"https:\/\/muehlenurlaub.de\/wp-content\/uploads\/2023\/04\/muehle-beckenkrug-parterre-tisch-150x150.jpg\" alt=\"\" width=\"550\" height=\"394\" srcset=\"https:\/\/muehlenurlaub.de\/wp-content\/uploads\/2023\/04\/muehle-beckenkrug-parterre-tisch-300x215.jpg 300w, https:\/\/muehlenurlaub.de\/wp-content\/uploads\/2023\/04\/muehle-beckenkrug-parterre-tisch.jpg 640w\" sizes=\"auto, (max-width: 550px) 100vw, 550px\" \/><br \/>\n<\/div>\n<p><div class=\"two-columns-one last\">\n<div class=\"yellow-box\"> Die erste Etage ist ein wohliger Ruheplatz f\u00fcr 2-4\u00a0Personen: 1 Doppelbett, 1 Einzelbett, 1 Kinderbett. Hier lohnt es sich nach See- und Fischadlern\u00a0Ausschau zu halten.\u00a0Oder\u00a0der aufgehenden Sonne. <\/div><br \/>\n<img loading=\"lazy\" decoding=\"async\" class=\"aligncenter wp-image-340\" src=\"https:\/\/muehlenurlaub.de\/wp-content\/uploads\/2023\/04\/muehle-beckenkrug-erstes-og-300x214.jpg\" alt=\"\" width=\"550\" height=\"393\" srcset=\"https:\/\/muehlenurlaub.de\/wp-content\/uploads\/2023\/04\/muehle-beckenkrug-erstes-og-300x214.jpg 300w, https:\/\/muehlenurlaub.de\/wp-content\/uploads\/2023\/04\/muehle-beckenkrug-erstes-og.jpg 640w\" sizes=\"auto, (max-width: 550px) 100vw, 550px\" \/><br \/>\n<div class=\"red-box\"> Etwas kleiner und kuschliger sind die zweite und dritte Etage, mit 4 weiteren Schlafpl\u00e4tzen und tollen Aussichten: je 2 Einzelbetten.<\/div><br \/>\n<img loading=\"lazy\" decoding=\"async\" class=\"aligncenter wp-image-342\" src=\"https:\/\/muehlenurlaub.de\/wp-content\/uploads\/2023\/04\/muehle-beckenkrug-zweites-og-300x207.jpg\" alt=\"\" width=\"550\" height=\"380\" srcset=\"https:\/\/muehlenurlaub.de\/wp-content\/uploads\/2023\/04\/muehle-beckenkrug-zweites-og-300x207.jpg 300w, https:\/\/muehlenurlaub.de\/wp-content\/uploads\/2023\/04\/muehle-beckenkrug-zweites-og.jpg 640w\" sizes=\"auto, (max-width: 550px) 100vw, 550px\" \/><\/p>\n<\/div><div class=\"divider\"><\/div><\/p>\n","protected":false},"excerpt":{"rendered":"","protected":false},"author":1,"featured_media":0,"parent":0,"menu_order":0,"comment_status":"closed","ping_status":"closed","template":"page-templates\/full-width.php","meta":{"footnotes":""},"class_list":["post-24","page","type-page","status-publish","hentry"],"_links":{"self":[{"href":"https:\/\/muehlenurlaub.de\/index.php\/wp-json\/wp\/v2\/pages\/24","targetHints":{"allow":["GET"]}}],"collection":[{"href":"https:\/\/muehlenurlaub.de\/index.php\/wp-json\/wp\/v2\/pages"}],"about":[{"href":"https:\/\/muehlenurlaub.de\/index.php\/wp-json\/wp\/v2\/types\/page"}],"author":[{"embeddable":true,"href":"https:\/\/muehlenurlaub.de\/index.php\/wp-json\/wp\/v2\/users\/1"}],"replies":[{"embeddable":true,"href":"https:\/\/muehlenurlaub.de\/index.php\/wp-json\/wp\/v2\/comments?post=24"}],"version-history":[{"count":15,"href":"https:\/\/muehlenurlaub.de\/index.php\/wp-json\/wp\/v2\/pages\/24\/revisions"}],"predecessor-version":[{"id":352,"href":"https:\/\/muehlenurlaub.de\/index.php\/wp-json\/wp\/v2\/pages\/24\/revisions\/352"}],"wp:attachment":[{"href":"https:\/\/muehlenurlaub.de\/index.php\/wp-json\/wp\/v2\/media?parent=24"}],"curies":[{"name":"wp","href":"https:\/\/api.w.org\/{rel}","templated":true}]}}