{"id":71,"date":"2016-07-06T16:45:03","date_gmt":"2016-07-06T14:45:03","guid":{"rendered":"http:\/\/www.muehlenurlaub.de\/?page_id=71"},"modified":"2024-04-29T13:01:42","modified_gmt":"2024-04-29T11:01:42","slug":"willkommen-in-beckenkrug","status":"publish","type":"page","link":"https:\/\/muehlenurlaub.de\/index.php\/willkommen-in-beckenkrug\/","title":{"rendered":"Willkommen in Beckenkrug"},"content":{"rendered":"<div id='gallery-1' class='gallery galleryid-71 gallery-columns-2 gallery-size-large'><figure class='gallery-item'>\n\t\t\t<div class='gallery-icon landscape'>\n\t\t\t\t<img loading=\"lazy\" decoding=\"async\" width=\"640\" height=\"427\" src=\"https:\/\/muehlenurlaub.de\/wp-content\/uploads\/2023\/04\/muehle-beckenkrug-aussenansicht.jpg\" class=\"attachment-large size-large\" alt=\"\" srcset=\"https:\/\/muehlenurlaub.de\/wp-content\/uploads\/2023\/04\/muehle-beckenkrug-aussenansicht.jpg 640w, https:\/\/muehlenurlaub.de\/wp-content\/uploads\/2023\/04\/muehle-beckenkrug-aussenansicht-300x200.jpg 300w\" sizes=\"auto, (max-width: 640px) 100vw, 640px\" \/>\n\t\t\t<\/div><\/figure><figure class='gallery-item'>\n\t\t\t<div class='gallery-icon landscape'>\n\t\t\t\t<img loading=\"lazy\" decoding=\"async\" width=\"640\" height=\"427\" src=\"https:\/\/muehlenurlaub.de\/wp-content\/uploads\/2016\/07\/IMG_5119.jpeg\" class=\"attachment-large size-large\" alt=\"\" srcset=\"https:\/\/muehlenurlaub.de\/wp-content\/uploads\/2016\/07\/IMG_5119.jpeg 640w, https:\/\/muehlenurlaub.de\/wp-content\/uploads\/2016\/07\/IMG_5119-300x200.jpeg 300w\" sizes=\"auto, (max-width: 640px) 100vw, 640px\" \/>\n\t\t\t<\/div><\/figure>\n\t\t<\/div>\n\n<div class=\"two-columns-one\">\n<p>Die ehemalige Erdholl\u00e4nder-Windm\u00fchle Beckenkrug liegt im Herzen der <a href=\"http:\/\/www.1000seen.de\" target=\"_blank\" rel=\"noopener noreferrer\">Mecklenburgischen Seenplatte<\/a>, 15 km von Waren(M\u00fcritz) entfernt. Beckenkrug ist ein Ortsteil vom kleinen Nachbarort Varchentin, mit gleichnamigen Schloss, Lenn\u00e9-Park und Seen.<\/p>\n<\/div>\n<div class=\"two-columns-one last\">\n<p>H\u00fcbsch gelegen inmitten mecklenburgischer Traumlandschaften, findet der eine oder andere bestimmt seine innere Ruhe, oder aber auch Anstoss dar\u00fcber nachzudenken, welch sch\u00f6ne Landstriche unser herrliches Mecklenburg besitzt.<\/p>\n<\/div>\n<div class=\"divider\"><\/div>\n<div id='gallery-2' class='gallery galleryid-71 gallery-columns-2 gallery-size-large'><figure class='gallery-item'>\n\t\t\t<div class='gallery-icon landscape'>\n\t\t\t\t<img loading=\"lazy\" decoding=\"async\" width=\"975\" height=\"650\" src=\"https:\/\/muehlenurlaub.de\/wp-content\/uploads\/2016\/07\/Sommer-2010-156-1024x683.jpg\" class=\"attachment-large size-large\" alt=\"\" srcset=\"https:\/\/muehlenurlaub.de\/wp-content\/uploads\/2016\/07\/Sommer-2010-156-1024x683.jpg 1024w, https:\/\/muehlenurlaub.de\/wp-content\/uploads\/2016\/07\/Sommer-2010-156-300x200.jpg 300w, https:\/\/muehlenurlaub.de\/wp-content\/uploads\/2016\/07\/Sommer-2010-156-768x512.jpg 768w, https:\/\/muehlenurlaub.de\/wp-content\/uploads\/2016\/07\/Sommer-2010-156.jpg 1944w\" sizes=\"auto, (max-width: 975px) 100vw, 975px\" \/>\n\t\t\t<\/div><\/figure><figure class='gallery-item'>\n\t\t\t<div class='gallery-icon landscape'>\n\t\t\t\t<img loading=\"lazy\" decoding=\"async\" width=\"640\" height=\"427\" src=\"https:\/\/muehlenurlaub.de\/wp-content\/uploads\/2024\/04\/muehlengarten_klein.jpg\" class=\"attachment-large size-large\" alt=\"\" srcset=\"https:\/\/muehlenurlaub.de\/wp-content\/uploads\/2024\/04\/muehlengarten_klein.jpg 640w, https:\/\/muehlenurlaub.de\/wp-content\/uploads\/2024\/04\/muehlengarten_klein-300x200.jpg 300w\" sizes=\"auto, (max-width: 640px) 100vw, 640px\" \/>\n\t\t\t<\/div><\/figure>\n\t\t<\/div>\n\n<div class=\"two-columns-one\">\n<p>Als Ausgangspunkt f\u00fcr Wanderungen zu Fu\u00df oder Rad oder auch Ausfl\u00fcge mit dem Auto, ist die M\u00fchle sehr g\u00fcnstig gelegen. M\u00fcritz und Nationalpark sind nicht weit.\u00a0Die unmittelbare\u00a0Umgebung bietet beste Gelegenheit um Ruhe und Entspannung zu finden.<\/p>\n<\/div>\n<div class=\"two-columns-one last\">\n<p>Zahlreiche Seen laden zum Baden oder Angeln ein. Pilzsammler und Vogelbeobachter kommen auf ihre Kosten und alle Anderen\u00a0bekommen sicher auch ein wundersch\u00f6nes Fleckchen Erde zum relaxen. Oder um einfach nur die Seele baumeln zu lassen.<\/p>\n<\/div><br \/><div class=\"divider\"><\/div><\/p>\n\n<div class=\"wp-block-image\">\n<figure class=\"aligncenter\"><img loading=\"lazy\" decoding=\"async\" width=\"1024\" height=\"374\" src=\"https:\/\/muehlenurlaub.de\/wp-content\/uploads\/2019\/03\/muehlenurlaub_beckenkrug-1024x374.jpg\" alt=\"Kornfeld in Mecklenburg mit M\u00fchle Beckenkrug im Hintergrund\" class=\"wp-image-190\" srcset=\"https:\/\/muehlenurlaub.de\/wp-content\/uploads\/2019\/03\/muehlenurlaub_beckenkrug-1024x374.jpg 1024w, https:\/\/muehlenurlaub.de\/wp-content\/uploads\/2019\/03\/muehlenurlaub_beckenkrug-300x110.jpg 300w, https:\/\/muehlenurlaub.de\/wp-content\/uploads\/2019\/03\/muehlenurlaub_beckenkrug-768x281.jpg 768w, https:\/\/muehlenurlaub.de\/wp-content\/uploads\/2019\/03\/muehlenurlaub_beckenkrug.jpg 1095w\" sizes=\"auto, (max-width: 1024px) 100vw, 1024px\" \/><\/figure>\n<\/div>","protected":false},"excerpt":{"rendered":"","protected":false},"author":1,"featured_media":0,"parent":0,"menu_order":0,"comment_status":"closed","ping_status":"closed","template":"page-templates\/full-width.php","meta":{"footnotes":""},"class_list":["post-71","page","type-page","status-publish","hentry"],"_links":{"self":[{"href":"https:\/\/muehlenurlaub.de\/index.php\/wp-json\/wp\/v2\/pages\/71","targetHints":{"allow":["GET"]}}],"collection":[{"href":"https:\/\/muehlenurlaub.de\/index.php\/wp-json\/wp\/v2\/pages"}],"about":[{"href":"https:\/\/muehlenurlaub.de\/index.php\/wp-json\/wp\/v2\/types\/page"}],"author":[{"embeddable":true,"href":"https:\/\/muehlenurlaub.de\/index.php\/wp-json\/wp\/v2\/users\/1"}],"replies":[{"embeddable":true,"href":"https:\/\/muehlenurlaub.de\/index.php\/wp-json\/wp\/v2\/comments?post=71"}],"version-history":[{"count":38,"href":"https:\/\/muehlenurlaub.de\/index.php\/wp-json\/wp\/v2\/pages\/71\/revisions"}],"predecessor-version":[{"id":368,"href":"https:\/\/muehlenurlaub.de\/index.php\/wp-json\/wp\/v2\/pages\/71\/revisions\/368"}],"wp:attachment":[{"href":"https:\/\/muehlenurlaub.de\/index.php\/wp-json\/wp\/v2\/media?parent=71"}],"curies":[{"name":"wp","href":"https:\/\/api.w.org\/{rel}","templated":true}]}}